{"id":576,"date":"2022-10-25T14:15:14","date_gmt":"2022-10-25T12:15:14","guid":{"rendered":"https:\/\/artdeau.fr\/?page_id=576"},"modified":"2023-09-10T15:50:50","modified_gmt":"2023-09-10T13:50:50","slug":"mentions-legales","status":"publish","type":"page","link":"https:\/\/artdeau.fr\/index.php\/mentions-legales\/","title":{"rendered":"Mentions l\u00e9gales"},"content":{"rendered":"\n<p>CARDOT C\u00e9cile &#8211; Micro entreprise<\/p>\n\n\n\n<p>Art d&#8217;Eau C\u00e9ramique<\/p>\n\n\n\n<p>46 route du Saint Joseph 07340 Andance<\/p>\n\n\n\n<p>Tel  : 06 03 07 14 68<\/p>\n\n\n\n<p>Mail : cecile.cardot@gmail.com<\/p>\n\n\n\n<p>SIRET : 882 305 089 00014<\/p>\n","protected":false},"excerpt":{"rendered":"<p>CARDOT C\u00e9cile &#8211; Micro entreprise Art d&#8217;Eau C\u00e9ramique 46 route du Saint Joseph 07340 Andance Tel : 06 03 07 14 68 Mail : cecile.cardot@gmail.com SIRET : 882 305 089 00014<\/p>\n","protected":false},"author":1,"featured_media":0,"parent":0,"menu_order":0,"comment_status":"closed","ping_status":"closed","template":"","meta":{"footnotes":""},"class_list":["post-576","page","type-page","status-publish","hentry"],"yoast_head":"<!-- This site is optimized with the Yoast SEO plugin v20.1 - https:\/\/yoast.com\/wordpress\/plugins\/seo\/ -->\n<title>Mentions l\u00e9gales - WordPress<\/title>\n<meta name=\"robots\" content=\"index, follow, max-snippet:-1, max-image-preview:large, max-video-preview:-1\" \/>\n<link rel=\"canonical\" href=\"https:\/\/artdeau.fr\/index.php\/mentions-legales\/\" \/>\n<meta property=\"og:locale\" content=\"en_US\" \/>\n<meta property=\"og:type\" content=\"article\" \/>\n<meta property=\"og:title\" content=\"Mentions l\u00e9gales - WordPress\" \/>\n<meta property=\"og:description\" content=\"CARDOT C\u00e9cile &#8211; Micro entreprise Art d&#8217;Eau C\u00e9ramique 46 route du Saint Joseph 07340 Andance Tel : 06 03 07 14 68 Mail : cecile.cardot@gmail.com SIRET : 882 305 089 00014\" \/>\n<meta property=\"og:url\" content=\"https:\/\/artdeau.fr\/index.php\/mentions-legales\/\" \/>\n<meta property=\"og:site_name\" content=\"WordPress\" \/>\n<meta property=\"article:publisher\" content=\"https:\/\/www.facebook.com\/artdeau\" \/>\n<meta property=\"article:modified_time\" content=\"2023-09-10T13:50:50+00:00\" \/>\n<meta name=\"twitter:card\" content=\"summary_large_image\" \/>\n<meta name=\"twitter:label1\" content=\"Est. reading time\" \/>\n\t<meta name=\"twitter:data1\" content=\"1 minute\" \/>\n<script type=\"application\/ld+json\" class=\"yoast-schema-graph\">{\"@context\":\"https:\/\/schema.org\",\"@graph\":[{\"@type\":\"WebPage\",\"@id\":\"https:\/\/artdeau.fr\/index.php\/mentions-legales\/\",\"url\":\"https:\/\/artdeau.fr\/index.php\/mentions-legales\/\",\"name\":\"Mentions l\u00e9gales - WordPress\",\"isPartOf\":{\"@id\":\"https:\/\/artdeau.fr\/#website\"},\"datePublished\":\"2022-10-25T12:15:14+00:00\",\"dateModified\":\"2023-09-10T13:50:50+00:00\",\"breadcrumb\":{\"@id\":\"https:\/\/artdeau.fr\/index.php\/mentions-legales\/#breadcrumb\"},\"inLanguage\":\"en-US\",\"potentialAction\":[{\"@type\":\"ReadAction\",\"target\":[\"https:\/\/artdeau.fr\/index.php\/mentions-legales\/\"]}]},{\"@type\":\"BreadcrumbList\",\"@id\":\"https:\/\/artdeau.fr\/index.php\/mentions-legales\/#breadcrumb\",\"itemListElement\":[{\"@type\":\"ListItem\",\"position\":1,\"name\":\"Accueil\",\"item\":\"https:\/\/artdeau.fr\/\"},{\"@type\":\"ListItem\",\"position\":2,\"name\":\"Mentions l\u00e9gales\"}]},{\"@type\":\"WebSite\",\"@id\":\"https:\/\/artdeau.fr\/#website\",\"url\":\"https:\/\/artdeau.fr\/\",\"name\":\"WordPress\",\"description\":\"Un site utilisant WordPress\",\"potentialAction\":[{\"@type\":\"SearchAction\",\"target\":{\"@type\":\"EntryPoint\",\"urlTemplate\":\"https:\/\/artdeau.fr\/?s={search_term_string}\"},\"query-input\":\"required name=search_term_string\"}],\"inLanguage\":\"en-US\"}]}<\/script>\n<!-- \/ Yoast SEO plugin. -->","yoast_head_json":{"title":"Mentions l\u00e9gales - WordPress","robots":{"index":"index","follow":"follow","max-snippet":"max-snippet:-1","max-image-preview":"max-image-preview:large","max-video-preview":"max-video-preview:-1"},"canonical":"https:\/\/artdeau.fr\/index.php\/mentions-legales\/","og_locale":"en_US","og_type":"article","og_title":"Mentions l\u00e9gales - WordPress","og_description":"CARDOT C\u00e9cile &#8211; Micro entreprise Art d&#8217;Eau C\u00e9ramique 46 route du Saint Joseph 07340 Andance Tel : 06 03 07 14 68 Mail : cecile.cardot@gmail.com SIRET : 882 305 089 00014","og_url":"https:\/\/artdeau.fr\/index.php\/mentions-legales\/","og_site_name":"WordPress","article_publisher":"https:\/\/www.facebook.com\/artdeau","article_modified_time":"2023-09-10T13:50:50+00:00","twitter_card":"summary_large_image","twitter_misc":{"Est. reading time":"1 minute"},"schema":{"@context":"https:\/\/schema.org","@graph":[{"@type":"WebPage","@id":"https:\/\/artdeau.fr\/index.php\/mentions-legales\/","url":"https:\/\/artdeau.fr\/index.php\/mentions-legales\/","name":"Mentions l\u00e9gales - WordPress","isPartOf":{"@id":"https:\/\/artdeau.fr\/#website"},"datePublished":"2022-10-25T12:15:14+00:00","dateModified":"2023-09-10T13:50:50+00:00","breadcrumb":{"@id":"https:\/\/artdeau.fr\/index.php\/mentions-legales\/#breadcrumb"},"inLanguage":"en-US","potentialAction":[{"@type":"ReadAction","target":["https:\/\/artdeau.fr\/index.php\/mentions-legales\/"]}]},{"@type":"BreadcrumbList","@id":"https:\/\/artdeau.fr\/index.php\/mentions-legales\/#breadcrumb","itemListElement":[{"@type":"ListItem","position":1,"name":"Accueil","item":"https:\/\/artdeau.fr\/"},{"@type":"ListItem","position":2,"name":"Mentions l\u00e9gales"}]},{"@type":"WebSite","@id":"https:\/\/artdeau.fr\/#website","url":"https:\/\/artdeau.fr\/","name":"WordPress","description":"Un site utilisant WordPress","potentialAction":[{"@type":"SearchAction","target":{"@type":"EntryPoint","urlTemplate":"https:\/\/artdeau.fr\/?s={search_term_string}"},"query-input":"required name=search_term_string"}],"inLanguage":"en-US"}]}},"_links":{"self":[{"href":"https:\/\/artdeau.fr\/index.php\/wp-json\/wp\/v2\/pages\/576","targetHints":{"allow":["GET"]}}],"collection":[{"href":"https:\/\/artdeau.fr\/index.php\/wp-json\/wp\/v2\/pages"}],"about":[{"href":"https:\/\/artdeau.fr\/index.php\/wp-json\/wp\/v2\/types\/page"}],"author":[{"embeddable":true,"href":"https:\/\/artdeau.fr\/index.php\/wp-json\/wp\/v2\/users\/1"}],"replies":[{"embeddable":true,"href":"https:\/\/artdeau.fr\/index.php\/wp-json\/wp\/v2\/comments?post=576"}],"version-history":[{"count":2,"href":"https:\/\/artdeau.fr\/index.php\/wp-json\/wp\/v2\/pages\/576\/revisions"}],"predecessor-version":[{"id":744,"href":"https:\/\/artdeau.fr\/index.php\/wp-json\/wp\/v2\/pages\/576\/revisions\/744"}],"wp:attachment":[{"href":"https:\/\/artdeau.fr\/index.php\/wp-json\/wp\/v2\/media?parent=576"}],"curies":[{"name":"wp","href":"https:\/\/api.w.org\/{rel}","templated":true}]}}