{"id":623,"date":"2023-01-11T18:30:02","date_gmt":"2023-01-11T17:30:02","guid":{"rendered":"https:\/\/artdeau.fr\/?post_type=product&#038;p=623"},"modified":"2023-03-28T15:45:03","modified_gmt":"2023-03-28T13:45:03","slug":"atelier-enfants","status":"publish","type":"product","link":"https:\/\/artdeau.fr\/index.php\/produit\/atelier-enfants\/","title":{"rendered":"Atelier Enfants"},"content":{"rendered":"<p>Proposition : modelage, sculpture, barbotine.<\/p>\n<p>Dur\u00e9e : 2h<\/p>\n<p>Groupe de 6 enfants maximum.<\/p>\n","protected":false},"excerpt":{"rendered":"<p>Proposer aux enfants des temps de d\u00e9couverte avec la Terre.<\/p>\n<p>Permettre aux enfants d\u2019avoir un temps d\u00e9di\u00e9 \u00e0 la cr\u00e9ation et de d\u00e9couvrir un moyen d\u2019expression.<\/p>\n<p>Les enfants sont au quotidien solliciter par le monde des adultes qui posent volontairement ou involontairement des attentes sur eux. L\u2019id\u00e9e de ces ateliers est de pouvoir leur permettre d\u2019avoir un temps pour eux. Je guide les ateliers Terre en laissant une libert\u00e9 (il n\u2019y a pas de notion de r\u00e9sultat ou de r\u00e9ussite) tout en posant un cadre rassurant et soutenant.<\/p>\n","protected":false},"featured_media":250,"comment_status":"open","ping_status":"closed","template":"","meta":[],"product_brand":[],"product_cat":[37],"product_tag":[],"class_list":{"0":"post-623","1":"product","2":"type-product","3":"status-publish","4":"has-post-thumbnail","6":"product_cat-reserver-ateliers","8":"first","9":"instock","10":"taxable","11":"shipping-taxable","12":"purchasable","13":"product-type-simple"},"yoast_head":"<!-- This site is optimized with the Yoast SEO plugin v20.1 - https:\/\/yoast.com\/wordpress\/plugins\/seo\/ -->\n<title>Atelier Enfants - WordPress<\/title>\n<meta name=\"robots\" content=\"index, follow, max-snippet:-1, max-image-preview:large, max-video-preview:-1\" \/>\n<link rel=\"canonical\" href=\"https:\/\/artdeau.fr\/index.php\/produit\/atelier-enfants\/\" \/>\n<meta property=\"og:locale\" content=\"en_US\" \/>\n<meta property=\"og:type\" content=\"article\" \/>\n<meta property=\"og:title\" content=\"Atelier Enfants - WordPress\" \/>\n<meta property=\"og:description\" content=\"Proposer aux enfants des temps de d\u00e9couverte avec la Terre.  Permettre aux enfants d\u2019avoir un temps d\u00e9di\u00e9 \u00e0 la cr\u00e9ation et de d\u00e9couvrir un moyen d\u2019expression.  Les enfants sont au quotidien solliciter par le monde des adultes qui posent volontairement ou involontairement des attentes sur eux. L\u2019id\u00e9e de ces ateliers est de pouvoir leur permettre d\u2019avoir un temps pour eux. Je guide les ateliers Terre en laissant une libert\u00e9 (il n\u2019y a pas de notion de r\u00e9sultat ou de r\u00e9ussite) tout en posant un cadre rassurant et soutenant.\" \/>\n<meta property=\"og:url\" content=\"https:\/\/artdeau.fr\/index.php\/produit\/atelier-enfants\/\" \/>\n<meta property=\"og:site_name\" content=\"WordPress\" \/>\n<meta property=\"article:publisher\" content=\"https:\/\/www.facebook.com\/artdeau\" \/>\n<meta property=\"article:modified_time\" content=\"2023-03-28T13:45:03+00:00\" \/>\n<meta property=\"og:image\" content=\"https:\/\/artdeau.fr\/wp-content\/uploads\/2022\/05\/e\u0301cole1-scaled.jpg\" \/>\n\t<meta property=\"og:image:width\" content=\"2560\" \/>\n\t<meta property=\"og:image:height\" content=\"2493\" \/>\n\t<meta property=\"og:image:type\" content=\"image\/jpeg\" \/>\n<meta name=\"twitter:card\" content=\"summary_large_image\" \/>\n<meta name=\"twitter:label1\" content=\"Est. reading time\" \/>\n\t<meta name=\"twitter:data1\" content=\"1 minute\" \/>\n<script type=\"application\/ld+json\" class=\"yoast-schema-graph\">{\"@context\":\"https:\/\/schema.org\",\"@graph\":[{\"@type\":\"WebPage\",\"@id\":\"https:\/\/artdeau.fr\/index.php\/produit\/atelier-enfants\/\",\"url\":\"https:\/\/artdeau.fr\/index.php\/produit\/atelier-enfants\/\",\"name\":\"Atelier Enfants - WordPress\",\"isPartOf\":{\"@id\":\"https:\/\/artdeau.fr\/#website\"},\"datePublished\":\"2023-01-11T17:30:02+00:00\",\"dateModified\":\"2023-03-28T13:45:03+00:00\",\"breadcrumb\":{\"@id\":\"https:\/\/artdeau.fr\/index.php\/produit\/atelier-enfants\/#breadcrumb\"},\"inLanguage\":\"en-US\",\"potentialAction\":[{\"@type\":\"ReadAction\",\"target\":[\"https:\/\/artdeau.fr\/index.php\/produit\/atelier-enfants\/\"]}]},{\"@type\":\"BreadcrumbList\",\"@id\":\"https:\/\/artdeau.fr\/index.php\/produit\/atelier-enfants\/#breadcrumb\",\"itemListElement\":[{\"@type\":\"ListItem\",\"position\":1,\"name\":\"Accueil\",\"item\":\"https:\/\/artdeau.fr\/\"},{\"@type\":\"ListItem\",\"position\":2,\"name\":\"Boutique\",\"item\":\"https:\/\/artdeau.fr\/index.php\/boutique\/\"},{\"@type\":\"ListItem\",\"position\":3,\"name\":\"Atelier Enfants\"}]},{\"@type\":\"WebSite\",\"@id\":\"https:\/\/artdeau.fr\/#website\",\"url\":\"https:\/\/artdeau.fr\/\",\"name\":\"WordPress\",\"description\":\"Un site utilisant WordPress\",\"potentialAction\":[{\"@type\":\"SearchAction\",\"target\":{\"@type\":\"EntryPoint\",\"urlTemplate\":\"https:\/\/artdeau.fr\/?s={search_term_string}\"},\"query-input\":\"required name=search_term_string\"}],\"inLanguage\":\"en-US\"}]}<\/script>\n<!-- \/ Yoast SEO plugin. -->","yoast_head_json":{"title":"Atelier Enfants - WordPress","robots":{"index":"index","follow":"follow","max-snippet":"max-snippet:-1","max-image-preview":"max-image-preview:large","max-video-preview":"max-video-preview:-1"},"canonical":"https:\/\/artdeau.fr\/index.php\/produit\/atelier-enfants\/","og_locale":"en_US","og_type":"article","og_title":"Atelier Enfants - WordPress","og_description":"Proposer aux enfants des temps de d\u00e9couverte avec la Terre.  Permettre aux enfants d\u2019avoir un temps d\u00e9di\u00e9 \u00e0 la cr\u00e9ation et de d\u00e9couvrir un moyen d\u2019expression.  Les enfants sont au quotidien solliciter par le monde des adultes qui posent volontairement ou involontairement des attentes sur eux. L\u2019id\u00e9e de ces ateliers est de pouvoir leur permettre d\u2019avoir un temps pour eux. Je guide les ateliers Terre en laissant une libert\u00e9 (il n\u2019y a pas de notion de r\u00e9sultat ou de r\u00e9ussite) tout en posant un cadre rassurant et soutenant.","og_url":"https:\/\/artdeau.fr\/index.php\/produit\/atelier-enfants\/","og_site_name":"WordPress","article_publisher":"https:\/\/www.facebook.com\/artdeau","article_modified_time":"2023-03-28T13:45:03+00:00","og_image":[{"width":2560,"height":2493,"url":"https:\/\/artdeau.fr\/wp-content\/uploads\/2022\/05\/e\u0301cole1-scaled.jpg","type":"image\/jpeg"}],"twitter_card":"summary_large_image","twitter_misc":{"Est. reading time":"1 minute"},"schema":{"@context":"https:\/\/schema.org","@graph":[{"@type":"WebPage","@id":"https:\/\/artdeau.fr\/index.php\/produit\/atelier-enfants\/","url":"https:\/\/artdeau.fr\/index.php\/produit\/atelier-enfants\/","name":"Atelier Enfants - WordPress","isPartOf":{"@id":"https:\/\/artdeau.fr\/#website"},"datePublished":"2023-01-11T17:30:02+00:00","dateModified":"2023-03-28T13:45:03+00:00","breadcrumb":{"@id":"https:\/\/artdeau.fr\/index.php\/produit\/atelier-enfants\/#breadcrumb"},"inLanguage":"en-US","potentialAction":[{"@type":"ReadAction","target":["https:\/\/artdeau.fr\/index.php\/produit\/atelier-enfants\/"]}]},{"@type":"BreadcrumbList","@id":"https:\/\/artdeau.fr\/index.php\/produit\/atelier-enfants\/#breadcrumb","itemListElement":[{"@type":"ListItem","position":1,"name":"Accueil","item":"https:\/\/artdeau.fr\/"},{"@type":"ListItem","position":2,"name":"Boutique","item":"https:\/\/artdeau.fr\/index.php\/boutique\/"},{"@type":"ListItem","position":3,"name":"Atelier Enfants"}]},{"@type":"WebSite","@id":"https:\/\/artdeau.fr\/#website","url":"https:\/\/artdeau.fr\/","name":"WordPress","description":"Un site utilisant WordPress","potentialAction":[{"@type":"SearchAction","target":{"@type":"EntryPoint","urlTemplate":"https:\/\/artdeau.fr\/?s={search_term_string}"},"query-input":"required name=search_term_string"}],"inLanguage":"en-US"}]}},"_links":{"self":[{"href":"https:\/\/artdeau.fr\/index.php\/wp-json\/wp\/v2\/product\/623","targetHints":{"allow":["GET"]}}],"collection":[{"href":"https:\/\/artdeau.fr\/index.php\/wp-json\/wp\/v2\/product"}],"about":[{"href":"https:\/\/artdeau.fr\/index.php\/wp-json\/wp\/v2\/types\/product"}],"replies":[{"embeddable":true,"href":"https:\/\/artdeau.fr\/index.php\/wp-json\/wp\/v2\/comments?post=623"}],"wp:featuredmedia":[{"embeddable":true,"href":"https:\/\/artdeau.fr\/index.php\/wp-json\/wp\/v2\/media\/250"}],"wp:attachment":[{"href":"https:\/\/artdeau.fr\/index.php\/wp-json\/wp\/v2\/media?parent=623"}],"wp:term":[{"taxonomy":"product_brand","embeddable":true,"href":"https:\/\/artdeau.fr\/index.php\/wp-json\/wp\/v2\/product_brand?post=623"},{"taxonomy":"product_cat","embeddable":true,"href":"https:\/\/artdeau.fr\/index.php\/wp-json\/wp\/v2\/product_cat?post=623"},{"taxonomy":"product_tag","embeddable":true,"href":"https:\/\/artdeau.fr\/index.php\/wp-json\/wp\/v2\/product_tag?post=623"}],"curies":[{"name":"wp","href":"https:\/\/api.w.org\/{rel}","templated":true}]}}