{"id":729,"date":"2023-06-07T18:32:10","date_gmt":"2023-06-07T16:32:10","guid":{"rendered":"https:\/\/artdeau.fr\/?post_type=product&#038;p=729"},"modified":"2023-06-07T18:46:01","modified_gmt":"2023-06-07T16:46:01","slug":"tasse-brin-docean-avec-anse","status":"publish","type":"product","link":"https:\/\/artdeau.fr\/index.php\/produit\/tasse-brin-docean-avec-anse\/","title":{"rendered":"Tasse Brin d&#8217;Oc\u00e9an avec anse"},"content":{"rendered":"","protected":false},"excerpt":{"rendered":"[gallery ids=\"732,731\"]\n<p>La Mer et l&#8217;Oc\u00e9an sont mes guides.<\/p>\n<p>Ils sont avec moi o\u00f9 que je sois.<\/p>\n<p>Comme un tr\u00e9sor \u00e0 l&#8217;int\u00e9rieur de moi.<\/p>\n<p>Ces tasses sont un bout d&#8217;eux.<\/p>\n<p>Si pr\u00e9cieux.<\/p>\n<p>Je vous propose un brin d&#8217;oc\u00e9an chaque matin, pour votre th\u00e9 ou caf\u00e9.<\/p>\n<p>Tasse en gr\u00e9s &#8211; diam\u00e8tre : 8 cm &#8211; hauteur : 4,5cm<\/p>\n","protected":false},"featured_media":730,"comment_status":"open","ping_status":"closed","template":"","meta":[],"product_brand":[],"product_cat":[31],"product_tag":[],"class_list":{"0":"post-729","1":"product","2":"type-product","3":"status-publish","4":"has-post-thumbnail","6":"product_cat-objets-quotidien","8":"first","9":"instock","10":"taxable","11":"shipping-taxable","12":"purchasable","13":"product-type-simple"},"yoast_head":"<!-- This site is optimized with the Yoast SEO plugin v20.1 - https:\/\/yoast.com\/wordpress\/plugins\/seo\/ -->\n<title>Tasse Brin d&#039;Oc\u00e9an avec anse - WordPress<\/title>\n<meta name=\"robots\" content=\"index, follow, max-snippet:-1, max-image-preview:large, max-video-preview:-1\" \/>\n<link rel=\"canonical\" href=\"https:\/\/artdeau.fr\/index.php\/produit\/tasse-brin-docean-avec-anse\/\" \/>\n<meta property=\"og:locale\" content=\"en_US\" \/>\n<meta property=\"og:type\" content=\"article\" \/>\n<meta property=\"og:title\" content=\"Tasse Brin d&#039;Oc\u00e9an avec anse - WordPress\" \/>\n<meta property=\"og:description\" content=\"La Mer et l&#039;Oc\u00e9an sont mes guides.  Ils sont avec moi o\u00f9 que je sois.  Comme un tr\u00e9sor \u00e0 l&#039;int\u00e9rieur de moi.  Ces tasses sont un bout d&#039;eux.  Si pr\u00e9cieux.  Je vous propose un brin d&#039;oc\u00e9an chaque matin, pour votre th\u00e9 ou caf\u00e9.  Tasse en gr\u00e9s - diam\u00e8tre : 8 cm - hauteur : 4,5cm\" \/>\n<meta property=\"og:url\" content=\"https:\/\/artdeau.fr\/index.php\/produit\/tasse-brin-docean-avec-anse\/\" \/>\n<meta property=\"og:site_name\" content=\"WordPress\" \/>\n<meta property=\"article:publisher\" content=\"https:\/\/www.facebook.com\/artdeau\" \/>\n<meta property=\"article:modified_time\" content=\"2023-06-07T16:46:01+00:00\" \/>\n<meta property=\"og:image\" content=\"https:\/\/artdeau.fr\/wp-content\/uploads\/2023\/06\/Tasses-Brins-dOcean-Art-dEau-artisanat-atelier-terre-en-ardeche-ceramique-scaled.jpg\" \/>\n\t<meta property=\"og:image:width\" content=\"2560\" \/>\n\t<meta property=\"og:image:height\" content=\"2557\" \/>\n\t<meta property=\"og:image:type\" content=\"image\/jpeg\" \/>\n<meta name=\"twitter:card\" content=\"summary_large_image\" \/>\n<script type=\"application\/ld+json\" class=\"yoast-schema-graph\">{\"@context\":\"https:\/\/schema.org\",\"@graph\":[{\"@type\":\"WebPage\",\"@id\":\"https:\/\/artdeau.fr\/index.php\/produit\/tasse-brin-docean-avec-anse\/\",\"url\":\"https:\/\/artdeau.fr\/index.php\/produit\/tasse-brin-docean-avec-anse\/\",\"name\":\"Tasse Brin d'Oc\u00e9an avec anse - WordPress\",\"isPartOf\":{\"@id\":\"https:\/\/artdeau.fr\/#website\"},\"datePublished\":\"2023-06-07T16:32:10+00:00\",\"dateModified\":\"2023-06-07T16:46:01+00:00\",\"breadcrumb\":{\"@id\":\"https:\/\/artdeau.fr\/index.php\/produit\/tasse-brin-docean-avec-anse\/#breadcrumb\"},\"inLanguage\":\"en-US\",\"potentialAction\":[{\"@type\":\"ReadAction\",\"target\":[\"https:\/\/artdeau.fr\/index.php\/produit\/tasse-brin-docean-avec-anse\/\"]}]},{\"@type\":\"BreadcrumbList\",\"@id\":\"https:\/\/artdeau.fr\/index.php\/produit\/tasse-brin-docean-avec-anse\/#breadcrumb\",\"itemListElement\":[{\"@type\":\"ListItem\",\"position\":1,\"name\":\"Accueil\",\"item\":\"https:\/\/artdeau.fr\/\"},{\"@type\":\"ListItem\",\"position\":2,\"name\":\"Boutique\",\"item\":\"https:\/\/artdeau.fr\/index.php\/boutique\/\"},{\"@type\":\"ListItem\",\"position\":3,\"name\":\"Tasse Brin d&rsquo;Oc\u00e9an avec anse\"}]},{\"@type\":\"WebSite\",\"@id\":\"https:\/\/artdeau.fr\/#website\",\"url\":\"https:\/\/artdeau.fr\/\",\"name\":\"WordPress\",\"description\":\"Un site utilisant WordPress\",\"potentialAction\":[{\"@type\":\"SearchAction\",\"target\":{\"@type\":\"EntryPoint\",\"urlTemplate\":\"https:\/\/artdeau.fr\/?s={search_term_string}\"},\"query-input\":\"required name=search_term_string\"}],\"inLanguage\":\"en-US\"}]}<\/script>\n<!-- \/ Yoast SEO plugin. -->","yoast_head_json":{"title":"Tasse Brin d'Oc\u00e9an avec anse - WordPress","robots":{"index":"index","follow":"follow","max-snippet":"max-snippet:-1","max-image-preview":"max-image-preview:large","max-video-preview":"max-video-preview:-1"},"canonical":"https:\/\/artdeau.fr\/index.php\/produit\/tasse-brin-docean-avec-anse\/","og_locale":"en_US","og_type":"article","og_title":"Tasse Brin d'Oc\u00e9an avec anse - WordPress","og_description":"La Mer et l'Oc\u00e9an sont mes guides.  Ils sont avec moi o\u00f9 que je sois.  Comme un tr\u00e9sor \u00e0 l'int\u00e9rieur de moi.  Ces tasses sont un bout d'eux.  Si pr\u00e9cieux.  Je vous propose un brin d'oc\u00e9an chaque matin, pour votre th\u00e9 ou caf\u00e9.  Tasse en gr\u00e9s - diam\u00e8tre : 8 cm - hauteur : 4,5cm","og_url":"https:\/\/artdeau.fr\/index.php\/produit\/tasse-brin-docean-avec-anse\/","og_site_name":"WordPress","article_publisher":"https:\/\/www.facebook.com\/artdeau","article_modified_time":"2023-06-07T16:46:01+00:00","og_image":[{"width":2560,"height":2557,"url":"https:\/\/artdeau.fr\/wp-content\/uploads\/2023\/06\/Tasses-Brins-dOcean-Art-dEau-artisanat-atelier-terre-en-ardeche-ceramique-scaled.jpg","type":"image\/jpeg"}],"twitter_card":"summary_large_image","schema":{"@context":"https:\/\/schema.org","@graph":[{"@type":"WebPage","@id":"https:\/\/artdeau.fr\/index.php\/produit\/tasse-brin-docean-avec-anse\/","url":"https:\/\/artdeau.fr\/index.php\/produit\/tasse-brin-docean-avec-anse\/","name":"Tasse Brin d'Oc\u00e9an avec anse - WordPress","isPartOf":{"@id":"https:\/\/artdeau.fr\/#website"},"datePublished":"2023-06-07T16:32:10+00:00","dateModified":"2023-06-07T16:46:01+00:00","breadcrumb":{"@id":"https:\/\/artdeau.fr\/index.php\/produit\/tasse-brin-docean-avec-anse\/#breadcrumb"},"inLanguage":"en-US","potentialAction":[{"@type":"ReadAction","target":["https:\/\/artdeau.fr\/index.php\/produit\/tasse-brin-docean-avec-anse\/"]}]},{"@type":"BreadcrumbList","@id":"https:\/\/artdeau.fr\/index.php\/produit\/tasse-brin-docean-avec-anse\/#breadcrumb","itemListElement":[{"@type":"ListItem","position":1,"name":"Accueil","item":"https:\/\/artdeau.fr\/"},{"@type":"ListItem","position":2,"name":"Boutique","item":"https:\/\/artdeau.fr\/index.php\/boutique\/"},{"@type":"ListItem","position":3,"name":"Tasse Brin d&rsquo;Oc\u00e9an avec anse"}]},{"@type":"WebSite","@id":"https:\/\/artdeau.fr\/#website","url":"https:\/\/artdeau.fr\/","name":"WordPress","description":"Un site utilisant WordPress","potentialAction":[{"@type":"SearchAction","target":{"@type":"EntryPoint","urlTemplate":"https:\/\/artdeau.fr\/?s={search_term_string}"},"query-input":"required name=search_term_string"}],"inLanguage":"en-US"}]}},"_links":{"self":[{"href":"https:\/\/artdeau.fr\/index.php\/wp-json\/wp\/v2\/product\/729","targetHints":{"allow":["GET"]}}],"collection":[{"href":"https:\/\/artdeau.fr\/index.php\/wp-json\/wp\/v2\/product"}],"about":[{"href":"https:\/\/artdeau.fr\/index.php\/wp-json\/wp\/v2\/types\/product"}],"replies":[{"embeddable":true,"href":"https:\/\/artdeau.fr\/index.php\/wp-json\/wp\/v2\/comments?post=729"}],"wp:featuredmedia":[{"embeddable":true,"href":"https:\/\/artdeau.fr\/index.php\/wp-json\/wp\/v2\/media\/730"}],"wp:attachment":[{"href":"https:\/\/artdeau.fr\/index.php\/wp-json\/wp\/v2\/media?parent=729"}],"wp:term":[{"taxonomy":"product_brand","embeddable":true,"href":"https:\/\/artdeau.fr\/index.php\/wp-json\/wp\/v2\/product_brand?post=729"},{"taxonomy":"product_cat","embeddable":true,"href":"https:\/\/artdeau.fr\/index.php\/wp-json\/wp\/v2\/product_cat?post=729"},{"taxonomy":"product_tag","embeddable":true,"href":"https:\/\/artdeau.fr\/index.php\/wp-json\/wp\/v2\/product_tag?post=729"}],"curies":[{"name":"wp","href":"https:\/\/api.w.org\/{rel}","templated":true}]}}